{"id":1153,"date":"2023-05-10T10:46:37","date_gmt":"2023-05-10T08:46:37","guid":{"rendered":"https:\/\/flucht-gender.de\/about-us\/"},"modified":"2025-05-04T20:44:04","modified_gmt":"2025-05-04T18:44:04","slug":"about-us","status":"publish","type":"page","link":"https:\/\/flucht-gender.de\/en\/about-us\/","title":{"rendered":"About us"},"content":{"rendered":"\n<div class=\"wp-block-cover alignfull is-light\"><span aria-hidden=\"true\" class=\"wp-block-cover__background has-background-dim-100 has-background-dim\" style=\"background-color:#67a99c\"><\/span><div class=\"wp-block-cover__inner-container is-layout-flow wp-block-cover-is-layout-flow\">\n<figure class=\"wp-block-image alignright size-full is-resized\"><img loading=\"lazy\" decoding=\"async\" width=\"964\" height=\"458\" src=\"https:\/\/flucht-gender.de\/wp-content\/uploads\/2023\/05\/figur_1-1.png\" alt=\"\" class=\"wp-image-166\" style=\"width:668px;height:317px\" srcset=\"https:\/\/flucht-gender.de\/wp-content\/uploads\/2023\/05\/figur_1-1.png 964w, https:\/\/flucht-gender.de\/wp-content\/uploads\/2023\/05\/figur_1-1-300x143.png 300w, https:\/\/flucht-gender.de\/wp-content\/uploads\/2023\/05\/figur_1-1-768x365.png 768w\" sizes=\"auto, (max-width: 964px) 100vw, 964px\" \/><\/figure>\n<\/div><\/div>\n\n\n\n<div class=\"inherit-container-width wp-block-group is-layout-constrained wp-container-core-group-is-layout-547b900e wp-block-group-is-layout-constrained\" style=\"padding-right:var(--wp--preset--spacing--80);padding-left:var(--wp--preset--spacing--80)\">\n<div class=\"inherit-container-width wp-block-group is-layout-constrained wp-block-group-is-layout-constrained\">\n<div class=\"wp-block-columns is-layout-flex wp-container-core-columns-is-layout-28f84493 wp-block-columns-is-layout-flex\">\n<div class=\"wp-block-column is-layout-flow wp-block-column-is-layout-flow\" style=\"flex-basis:33.33%\">\n<hr class=\"wp-block-separator has-alpha-channel-opacity is-style-wide\"\/>\n\n\n\n<h2 class=\"wp-block-heading\" style=\"margin-top:0;margin-right:0;margin-bottom:var(--wp--preset--spacing--70);margin-left:0\">About us<\/h2>\n<\/div>\n\n\n\n<div class=\"wp-block-column is-layout-flow wp-block-column-is-layout-flow\" style=\"flex-basis:66.66%\">\n<p>This website is dedicated to the rights and needs of refugee girls and young women. It brings together details of support groups, advice and counseling services, publications, campaigns and position statements from across Germany. Our database is designed to help refugee women and girls, and those supporting them &#8211; professionally, as volunteers, friends, family or allies &#8211; to quickly find relevant services, organizations and initiatives. The database is intended to keep growing, and you can help it to do so by suggesting new entries <a href=\"https:\/\/flucht-gender.de\/formular\/\">(via this form)<\/a>. <\/p>\n\n\n\n<p>The content is primarily geared towards the concerns of refugee girls and young women. However, the website also sees itself as a tool to provide information to <strong>all<\/strong> people, especially all FLINTA* (women, lesbians, inter, non-binary, trans and agender people) refugees and their supporters, and to promote the formation of alliances.<\/p>\n\n\n\n<p>The website was created as part of the project &#8220;Netzwerk gefl\u00fcchtete M\u00e4dchen und junge Frauen&#8221;, a project of the Bundesfachverband Minderj\u00e4hrigkeit und Flucht (BuMF) e.V. (Federal Association for Minors and Refugees).<\/p>\n\n\n\n<p>Find out more about the network: <a href=\"https:\/\/b-umf.de\/projekte\/netzwerk-gefluechtete-maedchen-und-junge-frauen\/\" target=\"_blank\" rel=\"noreferrer noopener\">https:\/\/b-umf.de\/projekte\/netzwerk-gefluechtete-maedchen-und-junge-frauen\/<\/a><\/p>\n\n\n\n<p>The project will be completed after three years on March 31, 2025 &#8211; but this website and the database will continue to exist, be updated and remain available to all interested parties!<\/p>\n\n\n\n<p><\/p>\n\n\n\n<p><\/p>\n\n\n\n<p>The project (01.04.2022-31.03.2024) and the creation of this website were funded by the <a href=\"https:\/\/www.jugendmarke.de\/index.php?id=0\" data-type=\"URL\" target=\"_blank\" rel=\"noreferrer noopener\">German Youth Brand Foundation<\/a> and <a href=\"https:\/\/www.aktion-mensch.de\/\" data-type=\"URL\" data-id=\"https:\/\/www.aktion-mensch.de\/\" target=\"_blank\" rel=\"noreferrer noopener\">Aktion Mensch<\/a>. The <a href=\"https:\/\/dohle-stiftung.com\/stiftung\/\">Kurt-und-Maria-Dohle-Stiftung<\/a> supported the project in 2023 project year with a grant.<\/p>\n\n\n\n<p>The project phase &#8220;Netzwerk gefl\u00fcchtete M\u00e4dchen und junge Frauen &#8211; erfolgreich weiter&#8221; (01.04.24 &#8211; 31.03.25) was funded by <a href=\"https:\/\/www.aktion-mensch.de\/\">Aktion Mensch<\/a> and co-financed by <a href=\"https:\/\/www.proasyl.de\/foerderverein\/\" data-type=\"link\" data-id=\"https:\/\/www.proasyl.de\/foerderverein\/\">F\u00f6rderverein Pro Asyl e.V.<\/a><\/p>\n<\/div>\n<\/div>\n\n\n\n<p><\/p>\n\n\n\n<p><\/p>\n<\/div>\n<\/div>\n\n\n\n<div class=\"inherit-container-width wp-block-group is-layout-constrained wp-block-group-is-layout-constrained\">\n<div class=\"wp-block-columns are-vertically-aligned-center is-layout-flex wp-container-core-columns-is-layout-28f84493 wp-block-columns-is-layout-flex\">\n<div class=\"wp-block-column is-vertically-aligned-center is-layout-flow wp-block-column-is-layout-flow\">\n<figure class=\"wp-block-image aligncenter size-full\"><img loading=\"lazy\" decoding=\"async\" width=\"416\" height=\"121\" src=\"https:\/\/flucht-gender.de\/wp-content\/uploads\/2023\/06\/download-1.png\" alt=\"Logo - Stiftung deutsche Jugendmarke e.V.\" class=\"wp-image-587\" srcset=\"https:\/\/flucht-gender.de\/wp-content\/uploads\/2023\/06\/download-1.png 416w, https:\/\/flucht-gender.de\/wp-content\/uploads\/2023\/06\/download-1-300x87.png 300w\" sizes=\"auto, (max-width: 416px) 100vw, 416px\" \/><\/figure>\n<\/div>\n\n\n\n<div class=\"wp-block-column is-layout-flow wp-block-column-is-layout-flow\">\n<figure class=\"wp-block-image size-full\"><img loading=\"lazy\" decoding=\"async\" width=\"1024\" height=\"500\" src=\"https:\/\/flucht-gender.de\/wp-content\/uploads\/2024\/10\/Pro_Asyl_Logo-hoch.png\" alt=\"Logo - Pro Asyl e.V.\" class=\"wp-image-2564\" srcset=\"https:\/\/flucht-gender.de\/wp-content\/uploads\/2024\/10\/Pro_Asyl_Logo-hoch.png 1024w, https:\/\/flucht-gender.de\/wp-content\/uploads\/2024\/10\/Pro_Asyl_Logo-hoch-300x146.png 300w, https:\/\/flucht-gender.de\/wp-content\/uploads\/2024\/10\/Pro_Asyl_Logo-hoch-768x375.png 768w\" sizes=\"auto, (max-width: 1024px) 100vw, 1024px\" \/><\/figure>\n<\/div>\n\n\n\n<div class=\"wp-block-column is-vertically-aligned-center is-layout-flow wp-block-column-is-layout-flow\">\n<figure class=\"wp-block-image aligncenter size-full is-style-default\"><img loading=\"lazy\" decoding=\"async\" width=\"293\" height=\"172\" src=\"https:\/\/flucht-gender.de\/wp-content\/uploads\/2023\/06\/download.png\" alt=\"Logo - Aktion Mensch\" class=\"wp-image-589\"\/><\/figure>\n<\/div>\n<\/div>\n<\/div>\n","protected":false},"excerpt":{"rendered":"<p>About us This website is dedicated to the rights and needs of refugee girls and young women. It brings together details of support groups, advice and counseling services, publications, campaigns and position statements from across Germany. Our database is designed to help refugee women and girls, and those supporting them &#8211; professionally, as volunteers, friends, family or allies &#8211; to quickly find relevant services, organizations and initiatives. The database is intended to keep growing, and you can help it to do so by suggesting new entries (via this form). The content is primarily geared towards the concerns of refugee girls and young women. However, the website also sees itself as a tool to provide information to all people, especially all FLINTA* (women, lesbians, inter, non-binary, trans and agender people) refugees and their supporters, and to promote the formation of alliances. The website was created as part of the project &#8220;Netzwerk gefl\u00fcchtete M\u00e4dchen und junge Frauen&#8221;, a project of the Bundesfachverband Minderj\u00e4hrigkeit und Flucht (BuMF) e.V. (Federal Association for Minors and Refugees). Find out more about the network: https:\/\/b-umf.de\/projekte\/netzwerk-gefluechtete-maedchen-und-junge-frauen\/ The project will be completed after three years on March 31, 2025 &#8211; but this website and the database will continue to exist, be updated and remain available to all interested parties! The project (01.04.2022-31.03.2024) and the creation of this website were funded by the German Youth Brand Foundation and Aktion Mensch. The Kurt-und-Maria-Dohle-Stiftung supported the project in 2023 project year with a grant. The project phase &#8220;Netzwerk gefl\u00fcchtete M\u00e4dchen und junge Frauen &#8211; erfolgreich weiter&#8221; (01.04.24 &#8211; 31.03.25) was funded by Aktion Mensch and co-financed by F\u00f6rderverein Pro Asyl e.V.<\/p>\n","protected":false},"author":1,"featured_media":0,"parent":0,"menu_order":0,"comment_status":"closed","ping_status":"closed","template":"","meta":{"_coblocks_attr":"","_coblocks_dimensions":"","_coblocks_responsive_height":"","_coblocks_accordion_ie_support":"","_uag_custom_page_level_css":"","site-sidebar-layout":"default","site-content-layout":"","ast-site-content-layout":"default","site-content-style":"default","site-sidebar-style":"default","ast-global-header-display":"","ast-banner-title-visibility":"","ast-main-header-display":"","ast-hfb-above-header-display":"","ast-hfb-below-header-display":"","ast-hfb-mobile-header-display":"","site-post-title":"","ast-breadcrumbs-content":"","ast-featured-img":"","footer-sml-layout":"","ast-disable-related-posts":"","theme-transparent-header-meta":"","adv-header-id-meta":"","stick-header-meta":"","header-above-stick-meta":"","header-main-stick-meta":"","header-below-stick-meta":"","astra-migrate-meta-layouts":"set","ast-page-background-enabled":"default","ast-page-background-meta":{"desktop":{"background-color":"var(--ast-global-color-4)","background-image":"","background-repeat":"repeat","background-position":"center center","background-size":"auto","background-attachment":"scroll","background-type":"","background-media":"","overlay-type":"","overlay-color":"","overlay-opacity":"","overlay-gradient":""},"tablet":{"background-color":"","background-image":"","background-repeat":"repeat","background-position":"center center","background-size":"auto","background-attachment":"scroll","background-type":"","background-media":"","overlay-type":"","overlay-color":"","overlay-opacity":"","overlay-gradient":""},"mobile":{"background-color":"","background-image":"","background-repeat":"repeat","background-position":"center center","background-size":"auto","background-attachment":"scroll","background-type":"","background-media":"","overlay-type":"","overlay-color":"","overlay-opacity":"","overlay-gradient":""}},"ast-content-background-meta":{"desktop":{"background-color":"var(--ast-global-color-5)","background-image":"","background-repeat":"repeat","background-position":"center center","background-size":"auto","background-attachment":"scroll","background-type":"","background-media":"","overlay-type":"","overlay-color":"","overlay-opacity":"","overlay-gradient":""},"tablet":{"background-color":"var(--ast-global-color-5)","background-image":"","background-repeat":"repeat","background-position":"center center","background-size":"auto","background-attachment":"scroll","background-type":"","background-media":"","overlay-type":"","overlay-color":"","overlay-opacity":"","overlay-gradient":""},"mobile":{"background-color":"var(--ast-global-color-5)","background-image":"","background-repeat":"repeat","background-position":"center center","background-size":"auto","background-attachment":"scroll","background-type":"","background-media":"","overlay-type":"","overlay-color":"","overlay-opacity":"","overlay-gradient":""}},"footnotes":""},"class_list":["post-1153","page","type-page","status-publish","hentry"],"uagb_featured_image_src":{"full":false,"thumbnail":false,"medium":false,"medium_large":false,"large":false,"1536x1536":false,"2048x2048":false},"uagb_author_info":{"display_name":"fluchtgender","author_link":"https:\/\/flucht-gender.de\/en\/author\/fluchtgender\/"},"uagb_comment_info":0,"uagb_excerpt":"About us This website is dedicated to the rights and needs of refugee girls and young women. It brings together details of support groups, advice and counseling services, publications, campaigns and position statements from across Germany. Our database is designed to help refugee women and girls, and those supporting them &#8211; professionally, as volunteers, friends,&hellip;","_links":{"self":[{"href":"https:\/\/flucht-gender.de\/en\/wp-json\/wp\/v2\/pages\/1153","targetHints":{"allow":["GET"]}}],"collection":[{"href":"https:\/\/flucht-gender.de\/en\/wp-json\/wp\/v2\/pages"}],"about":[{"href":"https:\/\/flucht-gender.de\/en\/wp-json\/wp\/v2\/types\/page"}],"author":[{"embeddable":true,"href":"https:\/\/flucht-gender.de\/en\/wp-json\/wp\/v2\/users\/1"}],"replies":[{"embeddable":true,"href":"https:\/\/flucht-gender.de\/en\/wp-json\/wp\/v2\/comments?post=1153"}],"version-history":[{"count":8,"href":"https:\/\/flucht-gender.de\/en\/wp-json\/wp\/v2\/pages\/1153\/revisions"}],"predecessor-version":[{"id":3312,"href":"https:\/\/flucht-gender.de\/en\/wp-json\/wp\/v2\/pages\/1153\/revisions\/3312"}],"wp:attachment":[{"href":"https:\/\/flucht-gender.de\/en\/wp-json\/wp\/v2\/media?parent=1153"}],"curies":[{"name":"wp","href":"https:\/\/api.w.org\/{rel}","templated":true}]}}