{"id":2857,"date":"2023-05-10T10:48:41","date_gmt":"2023-05-10T08:48:41","guid":{"rendered":"https:\/\/flucht-gender.de\/impressum-2\/"},"modified":"2024-12-17T17:25:31","modified_gmt":"2024-12-17T16:25:31","slug":"impressum-2","status":"publish","type":"page","link":"https:\/\/flucht-gender.de\/ls\/impressum-2\/","title":{"rendered":"Impressum"},"content":{"rendered":"\n<div class=\"inherit-container-width wp-block-group is-layout-constrained wp-container-core-group-is-layout-547b900e wp-block-group-is-layout-constrained\" style=\"padding-right:var(--wp--preset--spacing--80);padding-left:var(--wp--preset--spacing--80)\">\n<div class=\"inherit-container-width wp-block-group is-layout-constrained wp-block-group-is-layout-constrained\">\n<div class=\"wp-block-columns is-layout-flex wp-container-core-columns-is-layout-28f84493 wp-block-columns-is-layout-flex\">\n<div class=\"wp-block-column is-layout-flow wp-block-column-is-layout-flow\" style=\"flex-basis:33.33%\">\n<h4 class=\"wp-block-heading\" style=\"margin-top:0;margin-right:0;margin-bottom:var(--wp--preset--spacing--70);margin-left:0\"><\/h4>\n<\/div>\n\n\n\n<div class=\"wp-block-column is-layout-flow wp-block-column-is-layout-flow\" style=\"flex-basis:66.66%\">\n<hr class=\"wp-block-separator has-alpha-channel-opacity is-style-wide\"\/>\n\n\n\n<p>Bundesfachverband unbegleitete minderj\u00e4hrige Fl\u00fcchtlinge e.V.<\/p>\n\n\n\n<p>Paulsenstr. 55-56<br\/>12163 Berlin <\/p>\n\n\n\n<p>Tel: +49 (0)30 \/ 82 09 743 \u2013 0<br\/>Fax: +49 (0)30 \/ 82 09 743 \u2013 9<br\/>Email: <a href=\"mailto:info@b-umf.de\">info@b-umf.de<\/a><br\/>Web: <a href=\"http:\/\/www.b-umf.de\/\">www.b-umf.de<\/a><\/p>\n\n\n\n<p>Amtsgericht N\u00fcrnberg<br\/>Vereinsregister-Nummer: VR 3325<br\/>Steuer-Nr.: 27\/657\/54215<\/p>\n<\/div>\n<\/div>\n\n\n\n<div class=\"wp-block-columns is-layout-flex wp-container-core-columns-is-layout-28f84493 wp-block-columns-is-layout-flex\">\n<div class=\"wp-block-column is-layout-flow wp-block-column-is-layout-flow\" style=\"flex-basis:33.33%\">\n<hr class=\"wp-block-separator has-alpha-channel-opacity is-style-wide\"\/>\n\n\n\n<h4 class=\"wp-block-heading\" style=\"margin-top:0;margin-right:0;margin-bottom:var(--wp--preset--spacing--70);margin-left:0\">Inhaltlich Verantwortliche gem\u00e4\u00df \u00a7 55 Abs. 2 RStV <\/h4>\n<\/div>\n\n\n\n<div class=\"wp-block-column is-layout-flow wp-block-column-is-layout-flow\" style=\"flex-basis:66.66%\">\n<hr class=\"wp-block-separator has-alpha-channel-opacity is-style-wide\"\/>\n\n\n\n<p>Maren Belinch\u00f3n<\/p>\n\n\n\n<p>Daniela Rohleder<\/p>\n<\/div>\n<\/div>\n\n\n\n<div class=\"wp-block-columns is-layout-flex wp-container-core-columns-is-layout-28f84493 wp-block-columns-is-layout-flex\">\n<div class=\"wp-block-column is-layout-flow wp-block-column-is-layout-flow\" style=\"flex-basis:33.33%\">\n<hr class=\"wp-block-separator has-alpha-channel-opacity is-style-wide\"\/>\n\n\n\n<h4 class=\"wp-block-heading\" style=\"margin-top:0;margin-right:0;margin-bottom:var(--wp--preset--spacing--70);margin-left:0\">Konzept, Design, Umsetzung<\/h4>\n<\/div>\n\n\n\n<div class=\"wp-block-column is-layout-flow wp-block-column-is-layout-flow\" style=\"flex-basis:66.66%\">\n<hr class=\"wp-block-separator has-alpha-channel-opacity is-style-wide\"\/>\n\n\n\n<p>Sofia Kounti, <a href=\"https:\/\/sofiakounti.net\/\" target=\"_blank\" rel=\"noreferrer noopener\">sofiakounti.net<\/a><\/p>\n\n\n\n<p><\/p>\n<\/div>\n<\/div>\n\n\n\n<div class=\"wp-block-columns is-layout-flex wp-container-core-columns-is-layout-28f84493 wp-block-columns-is-layout-flex\">\n<div class=\"wp-block-column is-layout-flow wp-block-column-is-layout-flow\" style=\"flex-basis:33.33%\">\n<hr class=\"wp-block-separator has-alpha-channel-opacity is-style-wide\"\/>\n\n\n\n<h4 class=\"wp-block-heading\" style=\"margin-top:0;margin-right:0;margin-bottom:var(--wp--preset--spacing--70);margin-left:0\">Einfache Sprache<\/h4>\n<\/div>\n\n\n\n<div class=\"wp-block-column is-layout-flow wp-block-column-is-layout-flow\" style=\"flex-basis:66.66%\">\n<hr class=\"wp-block-separator has-alpha-channel-opacity is-style-wide\"\/>\n\n\n\n<p><a href=\"https:\/\/www.einfachleicht.net\" target=\"_blank\" rel=\"noreferrer noopener\">www.einfachleicht.net<\/a><\/p>\n\n\n\n<p><\/p>\n<\/div>\n<\/div>\n\n\n\n<div class=\"wp-block-columns is-layout-flex wp-container-core-columns-is-layout-28f84493 wp-block-columns-is-layout-flex\">\n<div class=\"wp-block-column is-layout-flow wp-block-column-is-layout-flow\" style=\"flex-basis:33.33%\"><\/div>\n\n\n\n<div class=\"wp-block-column is-layout-flow wp-block-column-is-layout-flow\" style=\"flex-basis:66.66%\">\n<hr class=\"wp-block-separator has-alpha-channel-opacity is-style-wide\"\/>\n\n\n\n<p>\u00a9 2023 Bundesfachverband unbegleitete minderj\u00e4hrige Fl\u00fcchtlinge e.V. Alle Rechte vorbehalten.<\/p>\n\n\n\n<p>Die in dieser Website verwendeten Texte, Bilder, Grafiken und Animationsdateien unterliegen dem Urheberrecht und anderen Gesetzen zum Schutz des geistigen Eigentums. Ihre Weitergabe, Ver\u00e4nderung, gewerbliche Nutzung oder Verwendung auf anderen Websiten ist untersagt.<br\/>Trotz sorgf\u00e4ltiger inhaltlicher Kontrolle \u00fcbernehmen wir keine inhaltliche Haftung f\u00fcr die Inhalte externer Links. F\u00fcr den Inhalt der verlinkten Seiten sind ausschlie\u00dflich deren Betreiber verantwortlich.  <\/p>\n<\/div>\n<\/div>\n<\/div>\n<\/div>\n","protected":false},"excerpt":{"rendered":"<p>Bundesfachverband unbegleitete minderj\u00e4hrige Fl\u00fcchtlinge e.V. Paulsenstr. 55-5612163 Berlin Tel: +49 (0)30 \/ 82 09 743 \u2013 0Fax: +49 (0)30 \/ 82 09 743 \u2013 9Email: info@b-umf.deWeb: www.b-umf.de Amtsgericht N\u00fcrnbergVereinsregister-Nummer: VR 3325Steuer-Nr.: 27\/657\/54215 Inhaltlich Verantwortliche gem\u00e4\u00df \u00a7 55 Abs. 2 RStV Maren Belinch\u00f3n Daniela Rohleder Konzept, Design, Umsetzung Sofia Kounti, sofiakounti.net Einfache Sprache www.einfachleicht.net \u00a9 2023 Bundesfachverband unbegleitete minderj\u00e4hrige Fl\u00fcchtlinge e.V. Alle Rechte vorbehalten. Die in dieser Website verwendeten Texte, Bilder, Grafiken und Animationsdateien unterliegen dem Urheberrecht und anderen Gesetzen zum Schutz des geistigen Eigentums. Ihre Weitergabe, Ver\u00e4nderung, gewerbliche Nutzung oder Verwendung auf anderen Websiten ist untersagt.Trotz sorgf\u00e4ltiger inhaltlicher Kontrolle \u00fcbernehmen wir keine inhaltliche Haftung f\u00fcr die Inhalte externer Links. F\u00fcr den Inhalt der verlinkten Seiten sind ausschlie\u00dflich deren Betreiber verantwortlich.<\/p>\n","protected":false},"author":1,"featured_media":0,"parent":0,"menu_order":0,"comment_status":"closed","ping_status":"closed","template":"","meta":{"_coblocks_attr":"","_coblocks_dimensions":"","_coblocks_responsive_height":"","_coblocks_accordion_ie_support":"","_uag_custom_page_level_css":"","site-sidebar-layout":"default","site-content-layout":"","ast-site-content-layout":"default","site-content-style":"default","site-sidebar-style":"default","ast-global-header-display":"","ast-banner-title-visibility":"","ast-main-header-display":"","ast-hfb-above-header-display":"","ast-hfb-below-header-display":"","ast-hfb-mobile-header-display":"","site-post-title":"","ast-breadcrumbs-content":"","ast-featured-img":"","footer-sml-layout":"","ast-disable-related-posts":"","theme-transparent-header-meta":"","adv-header-id-meta":"","stick-header-meta":"","header-above-stick-meta":"","header-main-stick-meta":"","header-below-stick-meta":"","astra-migrate-meta-layouts":"default","ast-page-background-enabled":"default","ast-page-background-meta":{"desktop":{"background-color":"var(--ast-global-color-4)","background-image":"","background-repeat":"repeat","background-position":"center center","background-size":"auto","background-attachment":"scroll","background-type":"","background-media":"","overlay-type":"","overlay-color":"","overlay-opacity":"","overlay-gradient":""},"tablet":{"background-color":"","background-image":"","background-repeat":"repeat","background-position":"center center","background-size":"auto","background-attachment":"scroll","background-type":"","background-media":"","overlay-type":"","overlay-color":"","overlay-opacity":"","overlay-gradient":""},"mobile":{"background-color":"","background-image":"","background-repeat":"repeat","background-position":"center center","background-size":"auto","background-attachment":"scroll","background-type":"","background-media":"","overlay-type":"","overlay-color":"","overlay-opacity":"","overlay-gradient":""}},"ast-content-background-meta":{"desktop":{"background-color":"var(--ast-global-color-5)","background-image":"","background-repeat":"repeat","background-position":"center center","background-size":"auto","background-attachment":"scroll","background-type":"","background-media":"","overlay-type":"","overlay-color":"","overlay-opacity":"","overlay-gradient":""},"tablet":{"background-color":"var(--ast-global-color-5)","background-image":"","background-repeat":"repeat","background-position":"center center","background-size":"auto","background-attachment":"scroll","background-type":"","background-media":"","overlay-type":"","overlay-color":"","overlay-opacity":"","overlay-gradient":""},"mobile":{"background-color":"var(--ast-global-color-5)","background-image":"","background-repeat":"repeat","background-position":"center center","background-size":"auto","background-attachment":"scroll","background-type":"","background-media":"","overlay-type":"","overlay-color":"","overlay-opacity":"","overlay-gradient":""}},"footnotes":""},"class_list":["post-2857","page","type-page","status-publish","hentry"],"uagb_featured_image_src":{"full":false,"thumbnail":false,"medium":false,"medium_large":false,"large":false,"1536x1536":false,"2048x2048":false},"uagb_author_info":{"display_name":"fluchtgender","author_link":"https:\/\/flucht-gender.de\/ls\/author\/fluchtgender\/"},"uagb_comment_info":0,"uagb_excerpt":"Bundesfachverband unbegleitete minderj\u00e4hrige Fl\u00fcchtlinge e.V. Paulsenstr. 55-5612163 Berlin Tel: +49 (0)30 \/ 82 09 743 \u2013 0Fax: +49 (0)30 \/ 82 09 743 \u2013 9Email: info@b-umf.deWeb: www.b-umf.de Amtsgericht N\u00fcrnbergVereinsregister-Nummer: VR 3325Steuer-Nr.: 27\/657\/54215 Inhaltlich Verantwortliche gem\u00e4\u00df \u00a7 55 Abs. 2 RStV Maren Belinch\u00f3n Daniela Rohleder Konzept, Design, Umsetzung Sofia Kounti, sofiakounti.net Einfache Sprache www.einfachleicht.net \u00a9 2023&hellip;","_links":{"self":[{"href":"https:\/\/flucht-gender.de\/ls\/wp-json\/wp\/v2\/pages\/2857","targetHints":{"allow":["GET"]}}],"collection":[{"href":"https:\/\/flucht-gender.de\/ls\/wp-json\/wp\/v2\/pages"}],"about":[{"href":"https:\/\/flucht-gender.de\/ls\/wp-json\/wp\/v2\/types\/page"}],"author":[{"embeddable":true,"href":"https:\/\/flucht-gender.de\/ls\/wp-json\/wp\/v2\/users\/1"}],"replies":[{"embeddable":true,"href":"https:\/\/flucht-gender.de\/ls\/wp-json\/wp\/v2\/comments?post=2857"}],"version-history":[{"count":2,"href":"https:\/\/flucht-gender.de\/ls\/wp-json\/wp\/v2\/pages\/2857\/revisions"}],"predecessor-version":[{"id":2981,"href":"https:\/\/flucht-gender.de\/ls\/wp-json\/wp\/v2\/pages\/2857\/revisions\/2981"}],"wp:attachment":[{"href":"https:\/\/flucht-gender.de\/ls\/wp-json\/wp\/v2\/media?parent=2857"}],"curies":[{"name":"wp","href":"https:\/\/api.w.org\/{rel}","templated":true}]}}