{"id":2867,"date":"2023-05-10T10:46:37","date_gmt":"2023-05-10T08:46:37","guid":{"rendered":"https:\/\/flucht-gender.de\/ueber-uns-2\/"},"modified":"2024-12-17T12:22:00","modified_gmt":"2024-12-17T11:22:00","slug":"ueber-uns-2","status":"publish","type":"page","link":"https:\/\/flucht-gender.de\/ls\/ueber-uns-2\/","title":{"rendered":"\u00dcber uns"},"content":{"rendered":"\n<div class=\"wp-block-cover alignfull is-light\"><span aria-hidden=\"true\" class=\"wp-block-cover__background has-background-dim-100 has-background-dim\" style=\"background-color:#67a99c\"><\/span><div class=\"wp-block-cover__inner-container is-layout-flow wp-block-cover-is-layout-flow\">\n<figure class=\"wp-block-image alignright size-full is-resized\"><img loading=\"lazy\" decoding=\"async\" width=\"964\" height=\"458\" src=\"https:\/\/flucht-gender.de\/wp-content\/uploads\/2023\/05\/figur_1-1.png\" alt=\"\" class=\"wp-image-166\" style=\"width:668px;height:317px\" srcset=\"https:\/\/flucht-gender.de\/wp-content\/uploads\/2023\/05\/figur_1-1.png 964w, https:\/\/flucht-gender.de\/wp-content\/uploads\/2023\/05\/figur_1-1-300x143.png 300w, https:\/\/flucht-gender.de\/wp-content\/uploads\/2023\/05\/figur_1-1-768x365.png 768w\" sizes=\"auto, (max-width: 964px) 100vw, 964px\" \/><\/figure>\n<\/div><\/div>\n\n\n\n<div class=\"inherit-container-width wp-block-group is-layout-constrained wp-container-core-group-is-layout-547b900e wp-block-group-is-layout-constrained\" style=\"padding-right:var(--wp--preset--spacing--80);padding-left:var(--wp--preset--spacing--80)\">\n<div class=\"inherit-container-width wp-block-group is-layout-constrained wp-block-group-is-layout-constrained\">\n<div class=\"wp-block-columns is-layout-flex wp-container-core-columns-is-layout-28f84493 wp-block-columns-is-layout-flex\">\n<div class=\"wp-block-column is-layout-flow wp-block-column-is-layout-flow\" style=\"flex-basis:33.33%\">\n<hr class=\"wp-block-separator has-alpha-channel-opacity is-style-wide\"\/>\n\n\n\n<h2 class=\"wp-block-heading\" style=\"margin-top:0;margin-right:0;margin-bottom:var(--wp--preset--spacing--70);margin-left:0\">\u00dcber uns<\/h2>\n<\/div>\n\n\n\n<div class=\"wp-block-column is-layout-flow wp-block-column-is-layout-flow\" style=\"flex-basis:66.66%\">\n<p>Die Website ist f\u00fcr gefl\u00fcchtete M\u00e4dchen, junge Frauen und FLINTA* Personen. FLINTA* ist die Abk\u00fcrzung f\u00fcr: Frauen, Lesben, Intergeschlechtliche, nichtbin\u00e4re, trans und agender Personen. Die Website ist auch f\u00fcr Menschen, die wegen ihrer geschlechtlichen oder sexuellen Orientierung verfolgt werden und fl\u00fcchten m\u00fcssen. Mit dem Projekt wollen wir Menschen zusammenbringen, die zum Thema Flucht und Gender arbeiten. Zum Beispiel Personen von Beratungsstellen, Wissenschaft, Jugendhilfe und vielen anderen Organisationen.<\/p>\n\n\n\n<p>Es ist uns wichtig, dass wir die <em>Erfahrungen und das Wissen von gefl\u00fcchteten M\u00e4dchen und Frauen in die \u00d6ffentlichkeit tragen.<\/em> Auch die Zusammenarbeit mit vielen Fachkr\u00e4ften ist uns sehr wichtig. <\/p>\n\n\n\n<p>Die Website ist aus dem Projekt \u201eNetzwerk gefl\u00fcchtete M\u00e4dchen und junge Frauen\u201c entstanden, das vom \u201eBundesfachverband unbegleitete minderj\u00e4hrige Fl\u00fcchtlinge e.V.\u201c ist.<\/p>\n\n\n\n<p>Auf der Website vom BumF findet ihr mehr Informationen zu dem Projekt, <a href=\"https:\/\/b-umf.de\/projekte\/netzwerk-gefluechtete-maedchen-und-junge-frauen\/\" target=\"_blank\" rel=\"noreferrer noopener\">Ihr k\u00f6nnt hier klicken<\/a>.    <\/p>\n\n\n\n<p><\/p>\n\n\n\n<p>Wer hat das Projekt finanziert?<br>\u2022 Von 01.04.2022 bis 31.03.2024 wurde das Projekt von der <br><a href=\"https:\/\/www.jugendmarke.de\/index.php?id=0\" data-type=\"URL\" target=\"_blank\" rel=\"noreferrer noopener\">Stiftung Deutsche Jugendmarke<\/a> und der <a href=\"https:\/\/www.aktion-mensch.de\/\" data-type=\"URL\" data-id=\"https:\/\/www.aktion-mensch.de\/\" target=\"_blank\" rel=\"noreferrer noopener\">Aktion Mensch<\/a> gef\u00f6rdert.<br>\u2022 2023 wurde das Projekt von der <a href=\"https:\/\/dohle-stiftung.com\/stiftung\/\">Kurt-und-Maria-Dohle-Stiftung<\/a> gef\u00f6rdert. <\/p>\n\n\n\n<p>\u2022 Von 01.04.24 bis 31.03.25 wird das Projekt von der <a href=\"https:\/\/www.aktion-mensch.de\/\">Aktion Mensch<\/a> und dem <a href=\"https:\/\/www.proasyl.de\/foerderverein\/\" data-type=\"link\" data-id=\"https:\/\/www.proasyl.de\/foerderverein\/\">F\u00f6rderverein Pro Asyl e.V.<\/a>\u201c mitfinanziert.<\/p>\n<\/div>\n<\/div>\n\n\n\n<p><\/p>\n\n\n\n<p><\/p>\n<\/div>\n<\/div>\n\n\n\n<div class=\"inherit-container-width wp-block-group is-layout-constrained wp-block-group-is-layout-constrained\">\n<div class=\"wp-block-columns are-vertically-aligned-center is-layout-flex wp-container-core-columns-is-layout-28f84493 wp-block-columns-is-layout-flex\">\n<div class=\"wp-block-column is-vertically-aligned-center is-layout-flow wp-block-column-is-layout-flow\">\n<figure class=\"wp-block-image aligncenter size-full\"><img loading=\"lazy\" decoding=\"async\" width=\"416\" height=\"121\" src=\"https:\/\/flucht-gender.de\/wp-content\/uploads\/2023\/06\/download-1.png\" alt=\"Logo - Stiftung deutsche Jugendmarke e.V.\" class=\"wp-image-587\" srcset=\"https:\/\/flucht-gender.de\/wp-content\/uploads\/2023\/06\/download-1.png 416w, https:\/\/flucht-gender.de\/wp-content\/uploads\/2023\/06\/download-1-300x87.png 300w\" sizes=\"auto, (max-width: 416px) 100vw, 416px\" \/><\/figure>\n<\/div>\n\n\n\n<div class=\"wp-block-column is-layout-flow wp-block-column-is-layout-flow\">\n<figure class=\"wp-block-image size-full\"><img loading=\"lazy\" decoding=\"async\" width=\"1024\" height=\"500\" src=\"https:\/\/flucht-gender.de\/wp-content\/uploads\/2024\/10\/Pro_Asyl_Logo-hoch.png\" alt=\"Logo - Pro Asyl e.V.\" class=\"wp-image-2564\" srcset=\"https:\/\/flucht-gender.de\/wp-content\/uploads\/2024\/10\/Pro_Asyl_Logo-hoch.png 1024w, https:\/\/flucht-gender.de\/wp-content\/uploads\/2024\/10\/Pro_Asyl_Logo-hoch-300x146.png 300w, https:\/\/flucht-gender.de\/wp-content\/uploads\/2024\/10\/Pro_Asyl_Logo-hoch-768x375.png 768w\" sizes=\"auto, (max-width: 1024px) 100vw, 1024px\" \/><\/figure>\n<\/div>\n\n\n\n<div class=\"wp-block-column is-vertically-aligned-center is-layout-flow wp-block-column-is-layout-flow\">\n<figure class=\"wp-block-image aligncenter size-full is-style-default\"><img loading=\"lazy\" decoding=\"async\" width=\"293\" height=\"172\" src=\"https:\/\/flucht-gender.de\/wp-content\/uploads\/2023\/06\/download.png\" alt=\"Logo - Aktion Mensch\" class=\"wp-image-589\"\/><\/figure>\n<\/div>\n<\/div>\n<\/div>\n","protected":false},"excerpt":{"rendered":"<p>\u00dcber uns Die Website ist f\u00fcr gefl\u00fcchtete M\u00e4dchen, junge Frauen und FLINTA* Personen. FLINTA* ist die Abk\u00fcrzung f\u00fcr: Frauen, Lesben, Intergeschlechtliche, nichtbin\u00e4re, trans und agender Personen. Die Website ist auch f\u00fcr Menschen, die wegen ihrer geschlechtlichen oder sexuellen Orientierung verfolgt werden und fl\u00fcchten m\u00fcssen. Mit dem Projekt wollen wir Menschen zusammenbringen, die zum Thema Flucht und Gender arbeiten. Zum Beispiel Personen von Beratungsstellen, Wissenschaft, Jugendhilfe und vielen anderen Organisationen. Es ist uns wichtig, dass wir die Erfahrungen und das Wissen von gefl\u00fcchteten M\u00e4dchen und Frauen in die \u00d6ffentlichkeit tragen. Auch die Zusammenarbeit mit vielen Fachkr\u00e4ften ist uns sehr wichtig. Die Website ist aus dem Projekt \u201eNetzwerk gefl\u00fcchtete M\u00e4dchen und junge Frauen\u201c entstanden, das vom \u201eBundesfachverband unbegleitete minderj\u00e4hrige Fl\u00fcchtlinge e.V.\u201c ist. Auf der Website vom BumF findet ihr mehr Informationen zu dem Projekt, Ihr k\u00f6nnt hier klicken. Wer hat das Projekt finanziert?\u2022 Von 01.04.2022 bis 31.03.2024 wurde das Projekt von der Stiftung Deutsche Jugendmarke und der Aktion Mensch gef\u00f6rdert.\u2022 2023 wurde das Projekt von der Kurt-und-Maria-Dohle-Stiftung gef\u00f6rdert. \u2022 Von 01.04.24 bis 31.03.25 wird das Projekt von der Aktion Mensch und dem F\u00f6rderverein Pro Asyl e.V.\u201c mitfinanziert.<\/p>\n","protected":false},"author":1,"featured_media":0,"parent":0,"menu_order":0,"comment_status":"closed","ping_status":"closed","template":"","meta":{"_coblocks_attr":"","_coblocks_dimensions":"","_coblocks_responsive_height":"","_coblocks_accordion_ie_support":"","_uag_custom_page_level_css":"","site-sidebar-layout":"default","site-content-layout":"","ast-site-content-layout":"default","site-content-style":"default","site-sidebar-style":"default","ast-global-header-display":"","ast-banner-title-visibility":"","ast-main-header-display":"","ast-hfb-above-header-display":"","ast-hfb-below-header-display":"","ast-hfb-mobile-header-display":"","site-post-title":"","ast-breadcrumbs-content":"","ast-featured-img":"","footer-sml-layout":"","ast-disable-related-posts":"","theme-transparent-header-meta":"","adv-header-id-meta":"","stick-header-meta":"","header-above-stick-meta":"","header-main-stick-meta":"","header-below-stick-meta":"","astra-migrate-meta-layouts":"set","ast-page-background-enabled":"default","ast-page-background-meta":{"desktop":{"background-color":"var(--ast-global-color-4)","background-image":"","background-repeat":"repeat","background-position":"center center","background-size":"auto","background-attachment":"scroll","background-type":"","background-media":"","overlay-type":"","overlay-color":"","overlay-opacity":"","overlay-gradient":""},"tablet":{"background-color":"","background-image":"","background-repeat":"repeat","background-position":"center center","background-size":"auto","background-attachment":"scroll","background-type":"","background-media":"","overlay-type":"","overlay-color":"","overlay-opacity":"","overlay-gradient":""},"mobile":{"background-color":"","background-image":"","background-repeat":"repeat","background-position":"center center","background-size":"auto","background-attachment":"scroll","background-type":"","background-media":"","overlay-type":"","overlay-color":"","overlay-opacity":"","overlay-gradient":""}},"ast-content-background-meta":{"desktop":{"background-color":"var(--ast-global-color-5)","background-image":"","background-repeat":"repeat","background-position":"center center","background-size":"auto","background-attachment":"scroll","background-type":"","background-media":"","overlay-type":"","overlay-color":"","overlay-opacity":"","overlay-gradient":""},"tablet":{"background-color":"var(--ast-global-color-5)","background-image":"","background-repeat":"repeat","background-position":"center center","background-size":"auto","background-attachment":"scroll","background-type":"","background-media":"","overlay-type":"","overlay-color":"","overlay-opacity":"","overlay-gradient":""},"mobile":{"background-color":"var(--ast-global-color-5)","background-image":"","background-repeat":"repeat","background-position":"center center","background-size":"auto","background-attachment":"scroll","background-type":"","background-media":"","overlay-type":"","overlay-color":"","overlay-opacity":"","overlay-gradient":""}},"footnotes":""},"class_list":["post-2867","page","type-page","status-publish","hentry"],"uagb_featured_image_src":{"full":false,"thumbnail":false,"medium":false,"medium_large":false,"large":false,"1536x1536":false,"2048x2048":false},"uagb_author_info":{"display_name":"fluchtgender","author_link":"https:\/\/flucht-gender.de\/ls\/author\/fluchtgender\/"},"uagb_comment_info":0,"uagb_excerpt":"\u00dcber uns Die Website ist f\u00fcr gefl\u00fcchtete M\u00e4dchen, junge Frauen und FLINTA* Personen. FLINTA* ist die Abk\u00fcrzung f\u00fcr: Frauen, Lesben, Intergeschlechtliche, nichtbin\u00e4re, trans und agender Personen. Die Website ist auch f\u00fcr Menschen, die wegen ihrer geschlechtlichen oder sexuellen Orientierung verfolgt werden und fl\u00fcchten m\u00fcssen. Mit dem Projekt wollen wir Menschen zusammenbringen, die zum Thema Flucht&hellip;","_links":{"self":[{"href":"https:\/\/flucht-gender.de\/ls\/wp-json\/wp\/v2\/pages\/2867","targetHints":{"allow":["GET"]}}],"collection":[{"href":"https:\/\/flucht-gender.de\/ls\/wp-json\/wp\/v2\/pages"}],"about":[{"href":"https:\/\/flucht-gender.de\/ls\/wp-json\/wp\/v2\/types\/page"}],"author":[{"embeddable":true,"href":"https:\/\/flucht-gender.de\/ls\/wp-json\/wp\/v2\/users\/1"}],"replies":[{"embeddable":true,"href":"https:\/\/flucht-gender.de\/ls\/wp-json\/wp\/v2\/comments?post=2867"}],"version-history":[{"count":7,"href":"https:\/\/flucht-gender.de\/ls\/wp-json\/wp\/v2\/pages\/2867\/revisions"}],"predecessor-version":[{"id":2970,"href":"https:\/\/flucht-gender.de\/ls\/wp-json\/wp\/v2\/pages\/2867\/revisions\/2970"}],"wp:attachment":[{"href":"https:\/\/flucht-gender.de\/ls\/wp-json\/wp\/v2\/media?parent=2867"}],"curies":[{"name":"wp","href":"https:\/\/api.w.org\/{rel}","templated":true}]}}